{"id":2879,"date":"2023-02-23T09:18:17","date_gmt":"2023-02-23T14:18:17","guid":{"rendered":"https:\/\/digitaltransport4africa.org\/?page_id=2879"},"modified":"2024-07-29T15:34:10","modified_gmt":"2024-07-29T19:34:10","slug":"subscribe","status":"publish","type":"page","link":"https:\/\/digitaltransport4africa.org\/fr\/subscribe\/","title":{"rendered":"S&rsquo;inscrire"},"content":{"rendered":"<p>[vc_row][vc_column width=\u00a0\u00bb1\/6&Prime;][\/vc_column][vc_column width=\u00a0\u00bb2\/3&Prime;][vc_column_text]<\/p>\n<p style=\"text-align: center;\"><span class=\"ui-provider iu b c d e f g h i j k l m n o p q r s t u v w x y z ab ac ae af ag ah ai aj ak\" dir=\"ltr\">Inscrivez-vous pour rester inform\u00e9 (e) des efforts du projet DigitalTransport4Africa ayant pour but de transformer les syst\u00e8mes de transport public dans le continent africain. Rejoignez un mouvement qui s&rsquo;efforce de cr\u00e9er un syst\u00e8me de transport public meilleur, plus s\u00fbr, propre et inclusif en Afrique.<\/span><\/p>\n<p>[\/vc_column_text][vc_raw_html]JTNDc3R5bGUlM0VpbnB1dCU1QnR5cGUlM0R0ZXh0JTVEJTJDaW5wdXQlNUJ0eXBlJTNEZW1haWwlNUQlMkNzZWxlY3QlMjAlMjAlN0IlMjB3aWR0aCUzQSUyMDEwMCUyNSUzQiUyMCU3RCUwQSUwQSU0MG1lZGlhJTIwJTI4bWluLXdpZHRoJTNBJTIwOTYwcHglMjklMjAlN0IlMEElMjAlMjAlMjAlMjBpbnB1dCU1QnR5cGUlM0R0ZXh0JTVEJTJDaW5wdXQlNUJ0eXBlJTNEZW1haWwlNUQlMkNzZWxlY3QlMjAlN0IlMEElMjAlMjAlMjAlMjAlMjAlMjAlMjAlMjB3aWR0aCUzQSUyMDQ1MHB4JTNCJTBBJTIwJTIwJTIwJTIwJTdEJTBBJTdEJTBBJTNDJTJGc3R5bGUlM0UlM0NkaXYlMjBpZCUzRCUyMjY2YTdlZDg0MjdjZTY3Mzg0YTY2ZDc2OSUyMiUyMHN0eWxlJTNEJTIyd2lkdGglM0ElMjAxMDAlMjUlM0IlMjBoZWlnaHQlM0ElMjAxMDAlMjUlM0IlMjIlM0UlM0NkaXYlMjBpZCUzRCUyMjY2YTdlZDg0MjdjZTY3Mzg0YTY2ZDc2OS1mb3JtJTIyJTIwY2xhc3MlM0QlMjI2NmE3ZWQ4NDI3Y2U2NzM4NGE2NmQ3NjktdGVtcGxhdGUlMjIlMjBzdHlsZSUzRCUyMnBvc2l0aW9uJTNBJTIwcmVsYXRpdmUlM0IlMjBkaXNwbGF5JTNBJTIwZmxleCUzQiUyMGhlaWdodCUzQSUyMDEwMCUyNSUzQiUyMGFsaWduLWl0ZW1zJTNBJTIwY2VudGVyJTNCJTIwanVzdGlmeS1jb250ZW50JTNBJTIwZmxleC1zdGFydCUzQiUyMiUzRSUzQ3N0eWxlJTNFJTIwLmFwM3ctZW1iZWRkYWJsZS1mb3JtLTY2YTdlZDg0MjdjZTY3Mzg0YTY2ZDc2OSUyMC5hcDN3LWZvcm0taW5wdXQtaGlkZGVuJTIwJTdCJTIwZGlzcGxheSUzQSUyMG5vbmUlM0IlMjAlN0QlMjAlM0MlMkZzdHlsZSUzRSUzQ2RpdiUyMGlkJTNEJTIyc2VsZWN0ZWQtX2ppcDZnenQ5NiUyMiUyMGNsYXNzJTNEJTIyJTIwYXAzdy1lbWJlZGRhYmxlLWZvcm0tNjZhN2VkODQyN2NlNjczODRhNjZkNzY5JTIwYXAzdy1lbWJlZGRhYmxlLWZvcm0tNjZhN2VkODQyN2NlNjczODRhNjZkNzY5LWZ1bGwlMjBhcDN3LWVtYmVkZGFibGUtZm9ybS02NmE3ZWQ4NDI3Y2U2NzM4NGE2NmQ3Njktc29saWQlMjAlMjIlMjBkYXRhLXNlbGVjdCUzRCUyMnRydWUlMjIlM0UlM0Nmb3JtJTIwaWQlM0QlMjJhcDN3LWVtYmVkZGFibGUtZm9ybS02NmE3ZWQ4NDI3Y2U2NzM4NGE2NmQ3NjklMjIlMjBjbGFzcyUzRCUyMmFwM3ctZW1iZWRkYWJsZS1mb3JtLWNvbnRlbnQlMjIlM0UlM0NkaXYlMjBpZCUzRCUyMnNlbGVjdGVkLV9kMnc4b2kya2wlMjIlMjBjbGFzcyUzRCUyMmFwM3ctZm9ybS1pbnB1dCUyMGFwM3ctZm9ybS1pbnB1dC02NmE3ZWQ4NDI3Y2U2NzM4NGE2NmQ3NjklMjIlMjBkYXRhLXNlbGVjdCUzRCUyMnRydWUlMjIlMjBkYXRhLWZpZWxkLWlkJTNEJTIyc3RyJTNBJTNBZW1haWwlMjIlMjBkYXRhLW1lcmdlLXN0cmF0ZWd5JTNEJTIyb3ZlcnJpZGUlMjIlMjBkYXRhLXByZS1maWxsLW9wdGlvbiUzRCUyMmRvbnRfcHJlX2ZpbGwlMjIlMjBkYXRhLWlucHV0LXR5cGUlM0QlMjJlbWFpbCUyMiUzRSUzQ2xhYmVsJTIwZm9yJTNEJTIyYXAzdy1mb3JtLWlucHV0LWVtYWlsLTY2YTdlZDg0MjdjZTY3Mzg0YTY2ZDc2OSUyMiUyMGNsYXNzJTNEJTIyYXAzdy1mb3JtLWlucHV0LWxhYmVsJTIyJTNFQWRyZXNzZSUyMGUtbWFpbCUyQSUzQyUyRmxhYmVsJTNFJTNDaW5wdXQlMjB0eXBlJTNEJTIyZW1haWwlMjIlMjBpZCUzRCUyMmFwM3ctZm9ybS1pbnB1dC1lbWFpbC02NmE3ZWQ4NDI3Y2U2NzM4NGE2NmQ3NjklMjIlMjBzdGVwJTNEJTIyMSUyMiUyMG5hbWUlM0QlMjJBZHJlc3NlJTIwZS1tYWlsJTIyJTIwcmVxdWlyZWQlM0QlMjIlMjIlM0UlM0MlMkZkaXYlM0UlM0NkaXYlMjBpZCUzRCUyMnNlbGVjdGVkLV9uN3N2azNlMmMlMjIlMjBjbGFzcyUzRCUyMmFwM3ctZm9ybS1pbnB1dCUyMGFwM3ctZm9ybS1pbnB1dC02NmE3ZWQ4NDI3Y2U2NzM4NGE2NmQ3NjklMjIlMjBkYXRhLXNlbGVjdCUzRCUyMnRydWUlMjIlMjBkYXRhLWZpZWxkLWlkJTNEJTIyc3RyJTNBJTNBZmlyc3QlMjIlMjBkYXRhLW1lcmdlLXN0cmF0ZWd5JTNEJTIyb3ZlcnJpZGUlMjIlMjBkYXRhLXByZS1maWxsLW9wdGlvbiUzRCUyMmRvbnRfcHJlX2ZpbGwlMjIlMjBkYXRhLWlucHV0LXR5cGUlM0QlMjJ0ZXh0JTIyJTNFJTNDbGFiZWwlMjBmb3IlM0QlMjJhcDN3LWZvcm0taW5wdXQtdGV4dC02NmE3ZWQ4NDI3Y2U2NzM4NGE2NmQ3NjklMjIlMjBjbGFzcyUzRCUyMmFwM3ctZm9ybS1pbnB1dC1sYWJlbCUyMiUzRVByJUMzJUE5bm9tJTJBJTNDJTJGbGFiZWwlM0UlM0NpbnB1dCUyMHR5cGUlM0QlMjJ0ZXh0JTIyJTIwaWQlM0QlMjJhcDN3LWZvcm0taW5wdXQtdGV4dC02NmE3ZWQ4NDI3Y2U2NzM4NGE2NmQ3NjklMjIlMjBzdGVwJTNEJTIyMSUyMiUyMG5hbWUlM0QlMjJQciVDMyVBOW5vbSUyMiUyMHJlcXVpcmVkJTNEJTIyJTIyJTNFJTNDJTJGZGl2JTNFJTNDZGl2JTIwaWQlM0QlMjJzZWxlY3RlZC1fdzNlc2pxYnhtJTIyJTIwY2xhc3MlM0QlMjJhcDN3LWZvcm0taW5wdXQlMjBhcDN3LWZvcm0taW5wdXQtNjZhN2VkODQyN2NlNjczODRhNjZkNzY5JTIyJTIwZGF0YS1zZWxlY3QlM0QlMjJ0cnVlJTIyJTIwZGF0YS1maWVsZC1pZCUzRCUyMnN0ciUzQSUzQWxhc3QlMjIlMjBkYXRhLW1lcmdlLXN0cmF0ZWd5JTNEJTIyb3ZlcnJpZGUlMjIlMjBkYXRhLXByZS1maWxsLW9wdGlvbiUzRCUyMmRvbnRfcHJlX2ZpbGwlMjIlMjBkYXRhLWlucHV0LXR5cGUlM0QlMjJ0ZXh0JTIyJTNFJTNDbGFiZWwlMjBmb3IlM0QlMjJhcDN3LWZvcm0taW5wdXQtdGV4dC02NmE3ZWQ4NDI3Y2U2NzM4NGE2NmQ3NjklMjIlMjBjbGFzcyUzRCUyMmFwM3ctZm9ybS1pbnB1dC1sYWJlbCUyMiUzRU5vbSUyMGRlJTIwZmFtaWxsZSUyQSUzQyUyRmxhYmVsJTNFJTNDaW5wdXQlMjB0eXBlJTNEJTIydGV4dCUyMiUyMGlkJTNEJTIyYXAzdy1mb3JtLWlucHV0LXRleHQtNjZhN2VkODQyN2NlNjczODRhNjZkNzY5JTIyJTIwc3RlcCUzRCUyMjElMjIlMjBuYW1lJTNEJTIyTm9tJTIwZGUlMjBmYW1pbGxlJTIyJTIwcmVxdWlyZWQlM0QlMjIlMjIlM0UlM0MlMkZkaXYlM0UlM0NkaXYlMjBjbGFzcyUzRCUyMmFwM3ctY2hlY2tib3glMjIlM0UlM0NkaXYlMjBjbGFzcyUzRCUyMmFwM3ctY2hlY2tib3hfX2lubmVyJTIyJTNFJTNDaW5wdXQlMjB0eXBlJTNEJTIyY2hlY2tib3glMjIlMjBpZCUzRCUyMmFwM3ctaW5wdXQtY2hlY2tib3gtNjZhN2VkODQyN2NlNjczODRhNjZkNzY5JTIyJTIwbmFtZSUzRCUyMmNoZWNrJTIyJTIwcmVxdWlyZWQlM0QlMjIlMjIlM0UlM0NzcGFuJTIwY2xhc3MlM0QlMjJhcDN3LWNoZWNrYm94X190ZXh0JTIyJTNFSiUyN2FjY2VwdGUlMjBkZSUyMHJlY2V2b2lyJTIwZGVzJTIwbWlzZXMlMjAlQzMlQTAlMjBqb3VyJTIwcCVDMyVBOXJpb2RpcXVlcyUyMHBhciUyMGNvdXJyaWVyJTIwJUMzJUE5bGVjdHJvbmlxdWUlMjBkZSUyMERUNEElMjBldCUyMGR1JTIwV29ybGQlMjBSZXNvdXJjZXMlMjBJbnN0aXR1dGUuJTNDJTJGc3BhbiUzRSUzQ2JyJTNFJTNDYnIlM0UlM0MlMkZkaXYlM0UlM0MlMkZkaXYlM0UlM0NkaXYlMjBpZCUzRCUyMnNlbGVjdGVkLV8zZmh4em8xdGclMjIlMjBjbGFzcyUzRCUyMiUyMGFwM3ctZm9ybS1idXR0b24lMjBhcDN3LWZvcm0tYnV0dG9uLTY2YTdlZDg0MjdjZTY3Mzg0YTY2ZDc2OSUyMCUyMiUzRSUzQ2J1dHRvbiUyMGlkJTNEJTIyYXAzdy1mb3JtLWJ1dHRvbi02NmE3ZWQ4NDI3Y2U2NzM4NGE2NmQ3NjklMjIlMjB0eXBlJTNEJTIyc3VibWl0JTIyJTIwZGF0YS1zZWxlY3QlM0QlMjJ0cnVlJTIyJTIwZGF0YS1idXR0b24tb24tY2xpY2slM0QlMjJ0aGFuay15b3UlMjIlM0VTJTI3aW5zY3JpcmUlM0MlMkZidXR0b24lM0UlM0MlMkZkaXYlM0UlM0MlMkZmb3JtJTNFJTNDJTJGZGl2JTNFJTNDJTJGZGl2JTNFJTNDZGl2JTIwaWQlM0QlMjI2NmE3ZWQ4NDI3Y2U2NzM4NGE2NmQ3NjktdGhhbmsteW91JTIyJTIwY2xhc3MlM0QlMjI2NmE3ZWQ4NDI3Y2U2NzM4NGE2NmQ3NjktdGVtcGxhdGUlMjIlMjBzdHlsZSUzRCUyMnBvc2l0aW9uJTNBJTIwcmVsYXRpdmUlM0IlMjBkaXNwbGF5JTNBJTIwbm9uZSUzQiUyMGhlaWdodCUzQSUyMDEwMCUyNSUzQiUyMGFsaWduLWl0ZW1zJTNBJTIwY2VudGVyJTNCJTIwanVzdGlmeS1jb250ZW50JTNBJTIwZmxleC1zdGFydCUzQiUyMiUzRSUzQ3N0eWxlJTNFJTIwLmFwM3ctZW1iZWRkYWJsZS1mb3JtLTY2YTdlZDg0MjdjZTY3Mzg0YTY2ZDc2OSUyMC5hcDN3LWZvcm0taW5wdXQtaGlkZGVuJTIwJTdCJTIwZGlzcGxheSUzQSUyMG5vbmUlM0IlMjAlN0QlMjAlM0MlMkZzdHlsZSUzRSUzQ2RpdiUyMGlkJTNEJTIyc2VsZWN0ZWQtXzVyN2w2NjhibiUyMiUyMGNsYXNzJTNEJTIyJTIwYXAzdy1lbWJlZGRhYmxlLWZvcm0tNjZhN2VkODQyN2NlNjczODRhNjZkNzY5JTIwYXAzdy1lbWJlZGRhYmxlLWZvcm0tNjZhN2VkODQyN2NlNjczODRhNjZkNzY5LWZ1bGwlMjBhcDN3LWVtYmVkZGFibGUtZm9ybS02NmE3ZWQ4NDI3Y2U2NzM4NGE2NmQ3Njktc29saWQlMjAlMjIlMjBkYXRhLXNlbGVjdCUzRCUyMnRydWUlMjIlM0UlM0Nmb3JtJTIwaWQlM0QlMjJhcDN3LWVtYmVkZGFibGUtZm9ybS02NmE3ZWQ4NDI3Y2U2NzM4NGE2NmQ3NjklMjIlMjBjbGFzcyUzRCUyMmFwM3ctZW1iZWRkYWJsZS1mb3JtLWNvbnRlbnQlMjIlM0UlM0NkaXYlMjBpZCUzRCUyMnNlbGVjdGVkLV8ydjB2MHM4N3UlMjIlMjBjbGFzcyUzRCUyMmFwM3ctdGV4dCUyMGFwM3ctdGV4dC02NmE3ZWQ4NDI3Y2U2NzM4NGE2NmQ3NjklMjBhcDN3LXRleHQtLWZpcnN0JTIwYXAzdy10ZXh0LS1sYXN0JTIyJTNFJTNDZGl2JTIwZGF0YS1zZWxlY3QlM0QlMjJ0cnVlJTIyJTNFJTNDcCUyMGRhdGEtc2l6ZSUzRCUyMmgyJTIyJTNFJTNDYiUzRU1lcmNpJTIwZGUlMjB2b3RyZSUyMGludCVDMyVBOXIlQzMlQUF0JTNDJTJGYiUzRSUzQyUyRnAlM0UlM0NwJTNFTm91cyUyMGF2b25zJTIwcmUlQzMlQTd1JTIwdm9zJTIwaW5mb3JtYXRpb25zJTIwZXQlMjB2b3VzJTIwY29tbXVuaXF1ZXJvbnMlMjBwcm9jaGFpbmVtZW50JTIwZGVzJTIwbWlzZXMlMjAlQzMlQTAlMjBqb3VyJTIwcGFyJTIwY291cnJpZXIlMjAlQzMlQTlsZWN0cm9uaXF1ZS4lM0MlMkZwJTNFJTNDJTJGZGl2JTNFJTNDJTJGZGl2JTNFJTNDJTJGZm9ybSUzRSUzQyUyRmRpdiUzRSUzQyUyRmRpdiUzRSUzQyUyRmRpdiUzRQ==[\/vc_raw_html][\/vc_column][vc_column width=\u00a0\u00bb1\/6&Prime;][\/vc_column][\/vc_row]<\/p>\n","protected":false},"excerpt":{"rendered":"<p>[vc_row][vc_column width=\u00a0\u00bb1\/6&Prime;][\/vc_column][vc_column width=\u00a0\u00bb2\/3&Prime;][vc_column_text] Inscrivez-vous pour rester inform\u00e9 (e) des efforts du projet DigitalTransport4Africa ayant pour but de transformer les syst\u00e8mes de transport public dans le continent<span class=\"excerpt-hellip\"> [\u2026]<\/span><\/p>\n","protected":false},"author":1028,"featured_media":0,"parent":0,"menu_order":0,"comment_status":"closed","ping_status":"closed","template":"","meta":{"_mi_skip_tracking":false},"yoast_head":"<!-- This site is optimized with the Yoast SEO plugin v19.11 - https:\/\/yoast.com\/wordpress\/plugins\/seo\/ -->\n<title>S&#039;inscrire - Digital Transport for Africa<\/title>\n<meta name=\"robots\" content=\"index, follow, max-snippet:-1, max-image-preview:large, max-video-preview:-1\" \/>\n<link rel=\"canonical\" href=\"https:\/\/digitaltransport4africa.org\/subscribe\/\" \/>\n<meta property=\"og:locale\" content=\"fr_FR\" \/>\n<meta property=\"og:type\" content=\"article\" \/>\n<meta property=\"og:title\" content=\"S&#039;inscrire\" \/>\n<meta property=\"og:description\" content=\"[vc_row][vc_column width=\u00a0\u00bb1\/6&Prime;][\/vc_column][vc_column width=\u00a0\u00bb2\/3&Prime;][vc_column_text] Inscrivez-vous pour rester inform\u00e9 (e) des efforts du projet DigitalTransport4Africa ayant pour but de transformer les syst\u00e8mes de transport public dans le continent [\u2026]\" \/>\n<meta property=\"og:url\" content=\"https:\/\/digitaltransport4africa.org\/subscribe\/\" \/>\n<meta property=\"og:site_name\" content=\"Digital Transport for Africa\" \/>\n<meta property=\"article:modified_time\" content=\"2024-07-29T19:34:10+00:00\" \/>\n<meta name=\"twitter:card\" content=\"summary_large_image\" \/>\n<meta name=\"twitter:label1\" content=\"Dur\u00e9e de lecture estim\u00e9e\" \/>\n\t<meta name=\"twitter:data1\" content=\"7 minutes\" \/>\n<script type=\"application\/ld+json\" class=\"yoast-schema-graph\">{\"@context\":\"https:\/\/schema.org\",\"@graph\":[{\"@type\":\"WebPage\",\"@id\":\"https:\/\/digitaltransport4africa.org\/subscribe\/\",\"url\":\"https:\/\/digitaltransport4africa.org\/subscribe\/\",\"name\":\"[:en]Subscribe[:fr]S'inscrire[:] - Digital Transport for Africa\",\"isPartOf\":{\"@id\":\"https:\/\/digitaltransport4africa.org\/#website\"},\"datePublished\":\"2023-02-23T14:18:17+00:00\",\"dateModified\":\"2024-07-29T19:34:10+00:00\",\"breadcrumb\":{\"@id\":\"https:\/\/digitaltransport4africa.org\/subscribe\/#breadcrumb\"},\"inLanguage\":\"fr-FR\",\"potentialAction\":[{\"@type\":\"ReadAction\",\"target\":[\"https:\/\/digitaltransport4africa.org\/subscribe\/\"]}]},{\"@type\":\"BreadcrumbList\",\"@id\":\"https:\/\/digitaltransport4africa.org\/subscribe\/#breadcrumb\",\"itemListElement\":[{\"@type\":\"ListItem\",\"position\":1,\"name\":\"Home\",\"item\":\"https:\/\/digitaltransport4africa.org\/\"},{\"@type\":\"ListItem\",\"position\":2,\"name\":\"Subscribe\"}]},{\"@type\":\"WebSite\",\"@id\":\"https:\/\/digitaltransport4africa.org\/#website\",\"url\":\"https:\/\/digitaltransport4africa.org\/\",\"name\":\"Digital Transport for Africa\",\"description\":\"An open data platform to improve urban public transport\",\"publisher\":{\"@id\":\"https:\/\/digitaltransport4africa.org\/#organization\"},\"potentialAction\":[{\"@type\":\"SearchAction\",\"target\":{\"@type\":\"EntryPoint\",\"urlTemplate\":\"https:\/\/digitaltransport4africa.org\/?s={search_term_string}\"},\"query-input\":\"required name=search_term_string\"}],\"inLanguage\":\"fr-FR\"},{\"@type\":\"Organization\",\"@id\":\"https:\/\/digitaltransport4africa.org\/#organization\",\"name\":\"Digital Transport for Africa\",\"url\":\"https:\/\/digitaltransport4africa.org\/\",\"logo\":{\"@type\":\"ImageObject\",\"inLanguage\":\"fr-FR\",\"@id\":\"https:\/\/digitaltransport4africa.org\/#\/schema\/logo\/image\/\",\"url\":\"https:\/\/digitaltransport4africa.org\/wp-content\/uploads\/2019\/07\/cropped-dt4a_mapa_transp_HOVER.png\",\"contentUrl\":\"https:\/\/digitaltransport4africa.org\/wp-content\/uploads\/2019\/07\/cropped-dt4a_mapa_transp_HOVER.png\",\"width\":2075,\"height\":2033,\"caption\":\"Digital Transport for Africa\"},\"image\":{\"@id\":\"https:\/\/digitaltransport4africa.org\/#\/schema\/logo\/image\/\"}}]}<\/script>\n<!-- \/ Yoast SEO plugin. -->","yoast_head_json":{"title":"S'inscrire - Digital Transport for Africa","robots":{"index":"index","follow":"follow","max-snippet":"max-snippet:-1","max-image-preview":"max-image-preview:large","max-video-preview":"max-video-preview:-1"},"canonical":"https:\/\/digitaltransport4africa.org\/subscribe\/","og_locale":"fr_FR","og_type":"article","og_title":"[:en]Subscribe[:fr]S'inscrire[:] - Digital Transport for Africa","og_description":"[vc_row][vc_column width=\u00a0\u00bb1\/6&Prime;][\/vc_column][vc_column width=\u00a0\u00bb2\/3&Prime;][vc_column_text] Inscrivez-vous pour rester inform\u00e9 (e) des efforts du projet DigitalTransport4Africa ayant pour but de transformer les syst\u00e8mes de transport public dans le continent [\u2026]","og_url":"https:\/\/digitaltransport4africa.org\/subscribe\/","og_site_name":"Digital Transport for Africa","article_modified_time":"2024-07-29T19:34:10+00:00","twitter_card":"summary_large_image","twitter_misc":{"Dur\u00e9e de lecture estim\u00e9e":"7 minutes"},"schema":{"@context":"https:\/\/schema.org","@graph":[{"@type":"WebPage","@id":"https:\/\/digitaltransport4africa.org\/subscribe\/","url":"https:\/\/digitaltransport4africa.org\/subscribe\/","name":"[:en]Subscribe[:fr]S'inscrire[:] - Digital Transport for Africa","isPartOf":{"@id":"https:\/\/digitaltransport4africa.org\/#website"},"datePublished":"2023-02-23T14:18:17+00:00","dateModified":"2024-07-29T19:34:10+00:00","breadcrumb":{"@id":"https:\/\/digitaltransport4africa.org\/subscribe\/#breadcrumb"},"inLanguage":"fr-FR","potentialAction":[{"@type":"ReadAction","target":["https:\/\/digitaltransport4africa.org\/subscribe\/"]}]},{"@type":"BreadcrumbList","@id":"https:\/\/digitaltransport4africa.org\/subscribe\/#breadcrumb","itemListElement":[{"@type":"ListItem","position":1,"name":"Home","item":"https:\/\/digitaltransport4africa.org\/"},{"@type":"ListItem","position":2,"name":"Subscribe"}]},{"@type":"WebSite","@id":"https:\/\/digitaltransport4africa.org\/#website","url":"https:\/\/digitaltransport4africa.org\/","name":"Digital Transport for Africa","description":"An open data platform to improve urban public transport","publisher":{"@id":"https:\/\/digitaltransport4africa.org\/#organization"},"potentialAction":[{"@type":"SearchAction","target":{"@type":"EntryPoint","urlTemplate":"https:\/\/digitaltransport4africa.org\/?s={search_term_string}"},"query-input":"required name=search_term_string"}],"inLanguage":"fr-FR"},{"@type":"Organization","@id":"https:\/\/digitaltransport4africa.org\/#organization","name":"Digital Transport for Africa","url":"https:\/\/digitaltransport4africa.org\/","logo":{"@type":"ImageObject","inLanguage":"fr-FR","@id":"https:\/\/digitaltransport4africa.org\/#\/schema\/logo\/image\/","url":"https:\/\/digitaltransport4africa.org\/wp-content\/uploads\/2019\/07\/cropped-dt4a_mapa_transp_HOVER.png","contentUrl":"https:\/\/digitaltransport4africa.org\/wp-content\/uploads\/2019\/07\/cropped-dt4a_mapa_transp_HOVER.png","width":2075,"height":2033,"caption":"Digital Transport for Africa"},"image":{"@id":"https:\/\/digitaltransport4africa.org\/#\/schema\/logo\/image\/"}}]}},"_links":{"self":[{"href":"https:\/\/digitaltransport4africa.org\/fr\/wp-json\/wp\/v2\/pages\/2879"}],"collection":[{"href":"https:\/\/digitaltransport4africa.org\/fr\/wp-json\/wp\/v2\/pages"}],"about":[{"href":"https:\/\/digitaltransport4africa.org\/fr\/wp-json\/wp\/v2\/types\/page"}],"author":[{"embeddable":true,"href":"https:\/\/digitaltransport4africa.org\/fr\/wp-json\/wp\/v2\/users\/1028"}],"replies":[{"embeddable":true,"href":"https:\/\/digitaltransport4africa.org\/fr\/wp-json\/wp\/v2\/comments?post=2879"}],"version-history":[{"count":28,"href":"https:\/\/digitaltransport4africa.org\/fr\/wp-json\/wp\/v2\/pages\/2879\/revisions"}],"predecessor-version":[{"id":3821,"href":"https:\/\/digitaltransport4africa.org\/fr\/wp-json\/wp\/v2\/pages\/2879\/revisions\/3821"}],"wp:attachment":[{"href":"https:\/\/digitaltransport4africa.org\/fr\/wp-json\/wp\/v2\/media?parent=2879"}],"curies":[{"name":"wp","href":"https:\/\/api.w.org\/{rel}","templated":true}]}}