{"id":265,"date":"2018-05-24T20:58:47","date_gmt":"2018-05-24T18:58:47","guid":{"rendered":"http:\/\/live-dt4a-wordpress.pantheonsite.io\/?page_id=265"},"modified":"2023-03-22T11:34:26","modified_gmt":"2023-03-22T15:34:26","slug":"projects","status":"publish","type":"page","link":"https:\/\/digitaltransport4africa.org\/fr\/projects\/","title":{"rendered":"Projects"},"content":{"rendered":"<p>[vc_row][vc_column][vc_message]<\/p>\n<p style=\"text-align: center;\">Cette carte a \u00e9t\u00e9 cr\u00e9\u00e9e pour pr\u00e9senter les projets autour de la donn\u00e9e transport d\u00e9velopp\u00e9s en Afrique. Lorsque vous cliquez sur un curseur, vous pourrez acc\u00e9der aux informations sur chaque projet et acc\u00e9der aux donn\u00e9es li\u00e9es.<\/p>\n<p>[\/vc_message][vc_btn title=\u00a0\u00bbVisualiser en plein \u00e9cran\u00a0\u00bb color=\u00a0\u00bbdanger\u00a0\u00bb align=\u00a0\u00bbcenter\u00a0\u00bb link=\u00a0\u00bburl:https%3A%2F%2Fumap.openstreetmap.fr%2Ffr%2Fmap%2Fdigitaltransportforafrica_220241||target:%20_blank|\u00a0\u00bb][\/vc_column][\/vc_row][vc_row full_width=\u00a0\u00bbstretch_row_content_no_spaces\u00a0\u00bb full_height=\u00a0\u00bbyes\u00a0\u00bb][vc_column][vc_column_text]<iframe loading=\"lazy\" src=\"https:\/\/umap.openstreetmap.fr\/fr\/map\/digitaltransportforafrica_220241?scaleControl=true&#038;miniMap=true&#038;scrollWheelZoom=false&#038;zoomControl=true&#038;allowEdit=false&#038;moreControl=false&#038;searchControl=false&#038;tilelayersControl=null&#038;embedControl=true&#038;datalayersControl=true&#038;onLoadPanel=undefined&#038;captionBar=false&#038;fullscreenControl=false#4\/16.47\/27.33\" width=\"100%\" height=\"800px\" frameborder=\"0\"><\/iframe><\/p>\n<p>[\/vc_column_text][\/vc_column][\/vc_row]<\/p>\n","protected":false},"excerpt":{"rendered":"<p>[vc_row][vc_column][vc_message] Cette carte a \u00e9t\u00e9 cr\u00e9\u00e9e pour pr\u00e9senter les projets autour de la donn\u00e9e transport d\u00e9velopp\u00e9s en Afrique. Lorsque vous cliquez sur un curseur, vous pourrez<span class=\"excerpt-hellip\"> [\u2026]<\/span><\/p>\n","protected":false},"author":1,"featured_media":0,"parent":0,"menu_order":0,"comment_status":"closed","ping_status":"closed","template":"","meta":{"_mi_skip_tracking":false},"yoast_head":"<!-- This site is optimized with the Yoast SEO plugin v19.11 - https:\/\/yoast.com\/wordpress\/plugins\/seo\/ -->\n<title>Projects - Digital Transport for Africa<\/title>\n<meta name=\"robots\" content=\"index, follow, max-snippet:-1, max-image-preview:large, max-video-preview:-1\" \/>\n<link rel=\"canonical\" href=\"https:\/\/digitaltransport4africa.org\/projects\/\" \/>\n<meta property=\"og:locale\" content=\"fr_FR\" \/>\n<meta property=\"og:type\" content=\"article\" \/>\n<meta property=\"og:title\" content=\"Projects\" \/>\n<meta property=\"og:description\" content=\"[vc_row][vc_column][vc_message] Cette carte a \u00e9t\u00e9 cr\u00e9\u00e9e pour pr\u00e9senter les projets autour de la donn\u00e9e transport d\u00e9velopp\u00e9s en Afrique. Lorsque vous cliquez sur un curseur, vous pourrez [\u2026]\" \/>\n<meta property=\"og:url\" content=\"https:\/\/digitaltransport4africa.org\/projects\/\" \/>\n<meta property=\"og:site_name\" content=\"Digital Transport for Africa\" \/>\n<meta property=\"article:modified_time\" content=\"2023-03-22T15:34:26+00:00\" \/>\n<meta name=\"twitter:card\" content=\"summary_large_image\" \/>\n<meta name=\"twitter:label1\" content=\"Dur\u00e9e de lecture estim\u00e9e\" \/>\n\t<meta name=\"twitter:data1\" content=\"1 minute\" \/>\n<script type=\"application\/ld+json\" class=\"yoast-schema-graph\">{\"@context\":\"https:\/\/schema.org\",\"@graph\":[{\"@type\":\"WebPage\",\"@id\":\"https:\/\/digitaltransport4africa.org\/projects\/\",\"url\":\"https:\/\/digitaltransport4africa.org\/projects\/\",\"name\":\"[:en]Projects[:fr]Projects[:] - Digital Transport for Africa\",\"isPartOf\":{\"@id\":\"https:\/\/digitaltransport4africa.org\/#website\"},\"datePublished\":\"2018-05-24T18:58:47+00:00\",\"dateModified\":\"2023-03-22T15:34:26+00:00\",\"breadcrumb\":{\"@id\":\"https:\/\/digitaltransport4africa.org\/projects\/#breadcrumb\"},\"inLanguage\":\"fr-FR\",\"potentialAction\":[{\"@type\":\"ReadAction\",\"target\":[\"https:\/\/digitaltransport4africa.org\/projects\/\"]}]},{\"@type\":\"BreadcrumbList\",\"@id\":\"https:\/\/digitaltransport4africa.org\/projects\/#breadcrumb\",\"itemListElement\":[{\"@type\":\"ListItem\",\"position\":1,\"name\":\"Home\",\"item\":\"https:\/\/digitaltransport4africa.org\/\"},{\"@type\":\"ListItem\",\"position\":2,\"name\":\"Projects\"}]},{\"@type\":\"WebSite\",\"@id\":\"https:\/\/digitaltransport4africa.org\/#website\",\"url\":\"https:\/\/digitaltransport4africa.org\/\",\"name\":\"Digital Transport for Africa\",\"description\":\"An open data platform to improve urban public transport\",\"publisher\":{\"@id\":\"https:\/\/digitaltransport4africa.org\/#organization\"},\"potentialAction\":[{\"@type\":\"SearchAction\",\"target\":{\"@type\":\"EntryPoint\",\"urlTemplate\":\"https:\/\/digitaltransport4africa.org\/?s={search_term_string}\"},\"query-input\":\"required name=search_term_string\"}],\"inLanguage\":\"fr-FR\"},{\"@type\":\"Organization\",\"@id\":\"https:\/\/digitaltransport4africa.org\/#organization\",\"name\":\"Digital Transport for Africa\",\"url\":\"https:\/\/digitaltransport4africa.org\/\",\"logo\":{\"@type\":\"ImageObject\",\"inLanguage\":\"fr-FR\",\"@id\":\"https:\/\/digitaltransport4africa.org\/#\/schema\/logo\/image\/\",\"url\":\"https:\/\/digitaltransport4africa.org\/wp-content\/uploads\/2019\/07\/cropped-dt4a_mapa_transp_HOVER.png\",\"contentUrl\":\"https:\/\/digitaltransport4africa.org\/wp-content\/uploads\/2019\/07\/cropped-dt4a_mapa_transp_HOVER.png\",\"width\":2075,\"height\":2033,\"caption\":\"Digital Transport for Africa\"},\"image\":{\"@id\":\"https:\/\/digitaltransport4africa.org\/#\/schema\/logo\/image\/\"}}]}<\/script>\n<!-- \/ Yoast SEO plugin. -->","yoast_head_json":{"title":"Projects - Digital Transport for Africa","robots":{"index":"index","follow":"follow","max-snippet":"max-snippet:-1","max-image-preview":"max-image-preview:large","max-video-preview":"max-video-preview:-1"},"canonical":"https:\/\/digitaltransport4africa.org\/projects\/","og_locale":"fr_FR","og_type":"article","og_title":"[:en]Projects[:fr]Projects[:] - Digital Transport for Africa","og_description":"[vc_row][vc_column][vc_message] Cette carte a \u00e9t\u00e9 cr\u00e9\u00e9e pour pr\u00e9senter les projets autour de la donn\u00e9e transport d\u00e9velopp\u00e9s en Afrique. Lorsque vous cliquez sur un curseur, vous pourrez [\u2026]","og_url":"https:\/\/digitaltransport4africa.org\/projects\/","og_site_name":"Digital Transport for Africa","article_modified_time":"2023-03-22T15:34:26+00:00","twitter_card":"summary_large_image","twitter_misc":{"Dur\u00e9e de lecture estim\u00e9e":"1 minute"},"schema":{"@context":"https:\/\/schema.org","@graph":[{"@type":"WebPage","@id":"https:\/\/digitaltransport4africa.org\/projects\/","url":"https:\/\/digitaltransport4africa.org\/projects\/","name":"[:en]Projects[:fr]Projects[:] - Digital Transport for Africa","isPartOf":{"@id":"https:\/\/digitaltransport4africa.org\/#website"},"datePublished":"2018-05-24T18:58:47+00:00","dateModified":"2023-03-22T15:34:26+00:00","breadcrumb":{"@id":"https:\/\/digitaltransport4africa.org\/projects\/#breadcrumb"},"inLanguage":"fr-FR","potentialAction":[{"@type":"ReadAction","target":["https:\/\/digitaltransport4africa.org\/projects\/"]}]},{"@type":"BreadcrumbList","@id":"https:\/\/digitaltransport4africa.org\/projects\/#breadcrumb","itemListElement":[{"@type":"ListItem","position":1,"name":"Home","item":"https:\/\/digitaltransport4africa.org\/"},{"@type":"ListItem","position":2,"name":"Projects"}]},{"@type":"WebSite","@id":"https:\/\/digitaltransport4africa.org\/#website","url":"https:\/\/digitaltransport4africa.org\/","name":"Digital Transport for Africa","description":"An open data platform to improve urban public transport","publisher":{"@id":"https:\/\/digitaltransport4africa.org\/#organization"},"potentialAction":[{"@type":"SearchAction","target":{"@type":"EntryPoint","urlTemplate":"https:\/\/digitaltransport4africa.org\/?s={search_term_string}"},"query-input":"required name=search_term_string"}],"inLanguage":"fr-FR"},{"@type":"Organization","@id":"https:\/\/digitaltransport4africa.org\/#organization","name":"Digital Transport for Africa","url":"https:\/\/digitaltransport4africa.org\/","logo":{"@type":"ImageObject","inLanguage":"fr-FR","@id":"https:\/\/digitaltransport4africa.org\/#\/schema\/logo\/image\/","url":"https:\/\/digitaltransport4africa.org\/wp-content\/uploads\/2019\/07\/cropped-dt4a_mapa_transp_HOVER.png","contentUrl":"https:\/\/digitaltransport4africa.org\/wp-content\/uploads\/2019\/07\/cropped-dt4a_mapa_transp_HOVER.png","width":2075,"height":2033,"caption":"Digital Transport for Africa"},"image":{"@id":"https:\/\/digitaltransport4africa.org\/#\/schema\/logo\/image\/"}}]}},"_links":{"self":[{"href":"https:\/\/digitaltransport4africa.org\/fr\/wp-json\/wp\/v2\/pages\/265"}],"collection":[{"href":"https:\/\/digitaltransport4africa.org\/fr\/wp-json\/wp\/v2\/pages"}],"about":[{"href":"https:\/\/digitaltransport4africa.org\/fr\/wp-json\/wp\/v2\/types\/page"}],"author":[{"embeddable":true,"href":"https:\/\/digitaltransport4africa.org\/fr\/wp-json\/wp\/v2\/users\/1"}],"replies":[{"embeddable":true,"href":"https:\/\/digitaltransport4africa.org\/fr\/wp-json\/wp\/v2\/comments?post=265"}],"version-history":[{"count":66,"href":"https:\/\/digitaltransport4africa.org\/fr\/wp-json\/wp\/v2\/pages\/265\/revisions"}],"predecessor-version":[{"id":3833,"href":"https:\/\/digitaltransport4africa.org\/fr\/wp-json\/wp\/v2\/pages\/265\/revisions\/3833"}],"wp:attachment":[{"href":"https:\/\/digitaltransport4africa.org\/fr\/wp-json\/wp\/v2\/media?parent=265"}],"curies":[{"name":"wp","href":"https:\/\/api.w.org\/{rel}","templated":true}]}}