{"id":1758,"date":"2020-03-20T05:54:24","date_gmt":"2020-03-20T09:54:24","guid":{"rendered":"https:\/\/digitaltransport4africa.org\/fr\/?page_id=1758"},"modified":"2023-05-12T08:22:14","modified_gmt":"2023-05-12T12:22:14","slug":"ressources","status":"publish","type":"page","link":"https:\/\/digitaltransport4africa.org\/fr\/ressources\/","title":{"rendered":"Ressources"},"content":{"rendered":"<p>[vc_row][vc_column width=\u00a0\u00bb1\/3&Prime;][vc_single_image image=\u00a0\u00bb1754&Prime; alignment=\u00a0\u00bbcenter\u00a0\u00bb title=\u00a0\u00bbConnaissance\u00a0\u00bb][vc_column_text]<\/p>\n<ul>\n<li><strong>Contenus<\/strong> <strong>basiques<\/strong> pour <a href=\"https:\/\/gitlab.com\/digitaltransport\/doc\/basics\" target=\"_blank\" rel=\"noopener noreferrer\">comprendre l&rsquo;open innovation dans le domaine des transports\u00a0<\/a><\/li>\n<li><strong>M\u00e9thodologie<\/strong> :\n<ul>\n<li><a href=\"https:\/\/digitaltransport4africa.org\/fr\/creer-une-carte-de-transports\/\" target=\"_blank\" rel=\"noopener noreferrer\">comment cr\u00e9er la carte d&rsquo;un r\u00e9seau de transports de A \u00e0 Z ?<\/a><\/li>\n<li><a href=\"https:\/\/gitlab.com\/digitaltransport\/doc\/data-transport-mali-gtfs\" target=\"_blank\" rel=\"noopener noreferrer\">comment cr\u00e9er un jeu de donn\u00e9es GTFS ?\u00a0<\/a><\/li>\n<\/ul>\n<\/li>\n<li><strong>Pr\u00e9sentations<\/strong> issues de <a href=\"https:\/\/digitaltransport4africa.org\/conferences\/\" target=\"_blank\" rel=\"noopener noreferrer\">conf\u00e9rences<\/a><\/li>\n<li><a href=\"https:\/\/gitlab.com\/digitaltransport\/doc\" target=\"_blank\" rel=\"noopener noreferrer\">Centre de ressources DT4A<\/a><\/li>\n<li><a href=\"https:\/\/wiki.lafabriquedesmobilites.fr\/wiki\/Digital_Transport_4_Africa\" target=\"_blank\" rel=\"noopener noreferrer\">Wiki Fabmob\u00a0<\/a><\/li>\n<\/ul>\n<p>[\/vc_column_text][\/vc_column][vc_column width=\u00a0\u00bb1\/3&Prime;][vc_single_image image=\u00a0\u00bb1750&Prime; alignment=\u00a0\u00bbcenter\u00a0\u00bb title=\u00a0\u00bbDonn\u00e9es\u00a0\u00bb][vc_column_text]<\/p>\n<ul>\n<li><a href=\"https:\/\/gitlab.com\/digitaltransport\/data\" target=\"_blank\" rel=\"noopener noreferrer\">Repository DT4A<\/a> (Africa) et Datum.la (Latin America)<\/li>\n<li><a href=\"http:\/\/transitfeeds.com\/about\" target=\"_blank\" rel=\"noopener noreferrer\">Repository MobilityData<\/a> (Worldwide)<\/li>\n<\/ul>\n<p>[\/vc_column_text][\/vc_column][vc_column width=\u00a0\u00bb1\/3&Prime;][vc_single_image image=\u00a0\u00bb1753&Prime; alignment=\u00a0\u00bbcenter\u00a0\u00bb title=\u00a0\u00bbOutils\u00a0\u00bb][vc_column_text]<\/p>\n<ul>\n<li><a href=\"https:\/\/git.digitaltransport4africa.org\/learn\" target=\"_blank\" rel=\"noopener noreferrer\">Outils pour le transport public<\/a><\/li>\n<li><a href=\"https:\/\/git.digitaltransport4africa.org\/learn\" target=\"_blank\" rel=\"noopener noreferrer\">STATIC GTFS Manager<\/a><\/li>\n<li><a href=\"https:\/\/git.digitaltransport4africa.org\/learn\" target=\"_blank\" rel=\"noopener noreferrer\">Autres outils li\u00e9s au GTFS\u00a0<\/a><\/li>\n<\/ul>\n<p>[\/vc_column_text][\/vc_column][\/vc_row]<\/p>\n","protected":false},"excerpt":{"rendered":"<p>[vc_row][vc_column width=\u00a0\u00bb1\/3&Prime;][vc_single_image image=\u00a0\u00bb1754&Prime; alignment=\u00a0\u00bbcenter\u00a0\u00bb title=\u00a0\u00bbConnaissance\u00a0\u00bb][vc_column_text] Contenus basiques pour comprendre l&rsquo;open innovation dans le domaine des transports\u00a0 M\u00e9thodologie : comment cr\u00e9er la carte d&rsquo;un r\u00e9seau de transports<span class=\"excerpt-hellip\"> [\u2026]<\/span><\/p>\n","protected":false},"author":1,"featured_media":0,"parent":0,"menu_order":0,"comment_status":"closed","ping_status":"open","template":"","meta":{"_mi_skip_tracking":false},"yoast_head":"<!-- This site is optimized with the Yoast SEO plugin v19.11 - https:\/\/yoast.com\/wordpress\/plugins\/seo\/ -->\n<title>Ressources - Digital Transport for Africa<\/title>\n<meta name=\"robots\" content=\"index, follow, max-snippet:-1, max-image-preview:large, max-video-preview:-1\" \/>\n<link rel=\"canonical\" href=\"https:\/\/digitaltransport4africa.org\/ressources\/\" \/>\n<meta property=\"og:locale\" content=\"fr_FR\" \/>\n<meta property=\"og:type\" content=\"article\" \/>\n<meta property=\"og:title\" content=\"Ressources\" \/>\n<meta property=\"og:description\" content=\"[vc_row][vc_column width=\u00a0\u00bb1\/3&Prime;][vc_single_image image=\u00a0\u00bb1754&Prime; alignment=\u00a0\u00bbcenter\u00a0\u00bb title=\u00a0\u00bbConnaissance\u00a0\u00bb][vc_column_text] Contenus basiques pour comprendre l&rsquo;open innovation dans le domaine des transports\u00a0 M\u00e9thodologie : comment cr\u00e9er la carte d&rsquo;un r\u00e9seau de transports [\u2026]\" \/>\n<meta property=\"og:url\" content=\"https:\/\/digitaltransport4africa.org\/ressources\/\" \/>\n<meta property=\"og:site_name\" content=\"Digital Transport for Africa\" \/>\n<meta property=\"article:modified_time\" content=\"2023-05-12T12:22:14+00:00\" \/>\n<meta name=\"twitter:card\" content=\"summary_large_image\" \/>\n<meta name=\"twitter:label1\" content=\"Dur\u00e9e de lecture estim\u00e9e\" \/>\n\t<meta name=\"twitter:data1\" content=\"1 minute\" \/>\n<script type=\"application\/ld+json\" class=\"yoast-schema-graph\">{\"@context\":\"https:\/\/schema.org\",\"@graph\":[{\"@type\":\"WebPage\",\"@id\":\"https:\/\/digitaltransport4africa.org\/ressources\/\",\"url\":\"https:\/\/digitaltransport4africa.org\/ressources\/\",\"name\":\"[:en]Resources[:fr]Ressources[:] - Digital Transport for Africa\",\"isPartOf\":{\"@id\":\"https:\/\/digitaltransport4africa.org\/#website\"},\"datePublished\":\"2020-03-20T09:54:24+00:00\",\"dateModified\":\"2023-05-12T12:22:14+00:00\",\"breadcrumb\":{\"@id\":\"https:\/\/digitaltransport4africa.org\/ressources\/#breadcrumb\"},\"inLanguage\":\"fr-FR\",\"potentialAction\":[{\"@type\":\"ReadAction\",\"target\":[\"https:\/\/digitaltransport4africa.org\/ressources\/\"]}]},{\"@type\":\"BreadcrumbList\",\"@id\":\"https:\/\/digitaltransport4africa.org\/ressources\/#breadcrumb\",\"itemListElement\":[{\"@type\":\"ListItem\",\"position\":1,\"name\":\"Home\",\"item\":\"https:\/\/digitaltransport4africa.org\/\"},{\"@type\":\"ListItem\",\"position\":2,\"name\":\"Resources\"}]},{\"@type\":\"WebSite\",\"@id\":\"https:\/\/digitaltransport4africa.org\/#website\",\"url\":\"https:\/\/digitaltransport4africa.org\/\",\"name\":\"Digital Transport for Africa\",\"description\":\"An open data platform to improve urban public transport\",\"publisher\":{\"@id\":\"https:\/\/digitaltransport4africa.org\/#organization\"},\"potentialAction\":[{\"@type\":\"SearchAction\",\"target\":{\"@type\":\"EntryPoint\",\"urlTemplate\":\"https:\/\/digitaltransport4africa.org\/?s={search_term_string}\"},\"query-input\":\"required name=search_term_string\"}],\"inLanguage\":\"fr-FR\"},{\"@type\":\"Organization\",\"@id\":\"https:\/\/digitaltransport4africa.org\/#organization\",\"name\":\"Digital Transport for Africa\",\"url\":\"https:\/\/digitaltransport4africa.org\/\",\"logo\":{\"@type\":\"ImageObject\",\"inLanguage\":\"fr-FR\",\"@id\":\"https:\/\/digitaltransport4africa.org\/#\/schema\/logo\/image\/\",\"url\":\"https:\/\/digitaltransport4africa.org\/wp-content\/uploads\/2019\/07\/cropped-dt4a_mapa_transp_HOVER.png\",\"contentUrl\":\"https:\/\/digitaltransport4africa.org\/wp-content\/uploads\/2019\/07\/cropped-dt4a_mapa_transp_HOVER.png\",\"width\":2075,\"height\":2033,\"caption\":\"Digital Transport for Africa\"},\"image\":{\"@id\":\"https:\/\/digitaltransport4africa.org\/#\/schema\/logo\/image\/\"}}]}<\/script>\n<!-- \/ Yoast SEO plugin. -->","yoast_head_json":{"title":"Ressources - Digital Transport for Africa","robots":{"index":"index","follow":"follow","max-snippet":"max-snippet:-1","max-image-preview":"max-image-preview:large","max-video-preview":"max-video-preview:-1"},"canonical":"https:\/\/digitaltransport4africa.org\/ressources\/","og_locale":"fr_FR","og_type":"article","og_title":"[:en]Resources[:fr]Ressources[:] - Digital Transport for Africa","og_description":"[vc_row][vc_column width=\u00a0\u00bb1\/3&Prime;][vc_single_image image=\u00a0\u00bb1754&Prime; alignment=\u00a0\u00bbcenter\u00a0\u00bb title=\u00a0\u00bbConnaissance\u00a0\u00bb][vc_column_text] Contenus basiques pour comprendre l&rsquo;open innovation dans le domaine des transports\u00a0 M\u00e9thodologie : comment cr\u00e9er la carte d&rsquo;un r\u00e9seau de transports [\u2026]","og_url":"https:\/\/digitaltransport4africa.org\/ressources\/","og_site_name":"Digital Transport for Africa","article_modified_time":"2023-05-12T12:22:14+00:00","twitter_card":"summary_large_image","twitter_misc":{"Dur\u00e9e de lecture estim\u00e9e":"1 minute"},"schema":{"@context":"https:\/\/schema.org","@graph":[{"@type":"WebPage","@id":"https:\/\/digitaltransport4africa.org\/ressources\/","url":"https:\/\/digitaltransport4africa.org\/ressources\/","name":"[:en]Resources[:fr]Ressources[:] - Digital Transport for Africa","isPartOf":{"@id":"https:\/\/digitaltransport4africa.org\/#website"},"datePublished":"2020-03-20T09:54:24+00:00","dateModified":"2023-05-12T12:22:14+00:00","breadcrumb":{"@id":"https:\/\/digitaltransport4africa.org\/ressources\/#breadcrumb"},"inLanguage":"fr-FR","potentialAction":[{"@type":"ReadAction","target":["https:\/\/digitaltransport4africa.org\/ressources\/"]}]},{"@type":"BreadcrumbList","@id":"https:\/\/digitaltransport4africa.org\/ressources\/#breadcrumb","itemListElement":[{"@type":"ListItem","position":1,"name":"Home","item":"https:\/\/digitaltransport4africa.org\/"},{"@type":"ListItem","position":2,"name":"Resources"}]},{"@type":"WebSite","@id":"https:\/\/digitaltransport4africa.org\/#website","url":"https:\/\/digitaltransport4africa.org\/","name":"Digital Transport for Africa","description":"An open data platform to improve urban public transport","publisher":{"@id":"https:\/\/digitaltransport4africa.org\/#organization"},"potentialAction":[{"@type":"SearchAction","target":{"@type":"EntryPoint","urlTemplate":"https:\/\/digitaltransport4africa.org\/?s={search_term_string}"},"query-input":"required name=search_term_string"}],"inLanguage":"fr-FR"},{"@type":"Organization","@id":"https:\/\/digitaltransport4africa.org\/#organization","name":"Digital Transport for Africa","url":"https:\/\/digitaltransport4africa.org\/","logo":{"@type":"ImageObject","inLanguage":"fr-FR","@id":"https:\/\/digitaltransport4africa.org\/#\/schema\/logo\/image\/","url":"https:\/\/digitaltransport4africa.org\/wp-content\/uploads\/2019\/07\/cropped-dt4a_mapa_transp_HOVER.png","contentUrl":"https:\/\/digitaltransport4africa.org\/wp-content\/uploads\/2019\/07\/cropped-dt4a_mapa_transp_HOVER.png","width":2075,"height":2033,"caption":"Digital Transport for Africa"},"image":{"@id":"https:\/\/digitaltransport4africa.org\/#\/schema\/logo\/image\/"}}]}},"_links":{"self":[{"href":"https:\/\/digitaltransport4africa.org\/fr\/wp-json\/wp\/v2\/pages\/1758"}],"collection":[{"href":"https:\/\/digitaltransport4africa.org\/fr\/wp-json\/wp\/v2\/pages"}],"about":[{"href":"https:\/\/digitaltransport4africa.org\/fr\/wp-json\/wp\/v2\/types\/page"}],"author":[{"embeddable":true,"href":"https:\/\/digitaltransport4africa.org\/fr\/wp-json\/wp\/v2\/users\/1"}],"replies":[{"embeddable":true,"href":"https:\/\/digitaltransport4africa.org\/fr\/wp-json\/wp\/v2\/comments?post=1758"}],"version-history":[{"count":59,"href":"https:\/\/digitaltransport4africa.org\/fr\/wp-json\/wp\/v2\/pages\/1758\/revisions"}],"predecessor-version":[{"id":3149,"href":"https:\/\/digitaltransport4africa.org\/fr\/wp-json\/wp\/v2\/pages\/1758\/revisions\/3149"}],"wp:attachment":[{"href":"https:\/\/digitaltransport4africa.org\/fr\/wp-json\/wp\/v2\/media?parent=1758"}],"curies":[{"name":"wp","href":"https:\/\/api.w.org\/{rel}","templated":true}]}}