{"id":1537,"date":"2019-07-03T16:09:34","date_gmt":"2019-07-03T14:09:34","guid":{"rendered":"http:\/\/live-dt4a-wordpress.pantheonsite.io\/?page_id=1537"},"modified":"2022-01-31T09:47:16","modified_gmt":"2022-01-31T14:47:16","slug":"our-pledge","status":"publish","type":"page","link":"https:\/\/digitaltransport4africa.org\/fr\/our-pledge\/","title":{"rendered":"Notre\u00a0Engagement"},"content":{"rendered":"<p>&nbsp;<\/p>\n<p>&nbsp;<\/p>\n<h3 style=\"text-align: center;\"><strong>Rejoignez DigitalTransport4Africa : pour la mise \u00e0 disposition de donn\u00e9es standardis\u00e9es et ouvertes de mobilit\u00e9 urbaine pour les villes Africaines<\/strong><\/h3>\n<p>&nbsp;<\/p>\n<p>L\u2019am\u00e9lioration et le d\u00e9veloppement de transports publics de qualit\u00e9 et abordables sont essentiels pour combattre les in\u00e9galit\u00e9s, am\u00e9liorer l\u2019acc\u00e8s \u00e0 l\u2019emploi, \u00e0 l\u2019\u00e9ducation et aux opportunit\u00e9s \u00e9conomiques mais aussi r\u00e9pondre aux probl\u00e8mes de sant\u00e9 publique provoqu\u00e9s par les accidents de la route et la pollution atmosph\u00e9rique ainsi que r\u00e9duire les \u00e9missions de carbone.<\/p>\n<p>La production et le partage de donn\u00e9es ouvertes et standardis\u00e9es de l\u2019offre de transport, incluant le transport public, la marche \u00e0 pied, le v\u00e9lo et les transports artisanaux ou \u00ab\u00a0informels\u00a0\u00bb constituent ainsi un instrument fondamental pour <strong>am\u00e9liorer la planification des investissements publics, les modalit\u00e9s d\u2019exploitation et plus globalement la transparence et la redevabilit\u00e9 de l\u2019ensemble du secteur.<\/strong><\/p>\n<p>Pourtant, m\u00eame si les technologies du num\u00e9rique permettent la g\u00e9n\u00e9ration d\u2019un volume croissant de donn\u00e9es de tous types, fr\u00e9quemment les villes &#8211; et en particulier les villes africaines &#8211; sont confront\u00e9es \u00e0 un fort d\u00e9ficit de donn\u00e9es de transport. Elles sont soit manquantes, soit inaccessibles pour les municipalit\u00e9s, les citoyens, les planificateurs et innovateurs qui travaillent \u00e0 l\u2019am\u00e9lioration des conditions de mobilit\u00e9.<\/p>\n<p><strong>DigitalTransport4Africa\u00a0<\/strong>(DT4A) repr\u00e9sente un r\u00e9seau vaste et diversifi\u00e9 de collectivit\u00e9s locales, de citoyens engag\u00e9s, d\u2019universit\u00e9s, d\u2018entreprises et d\u2019ONG ainsi que des partenaires de d\u00e9veloppement internationaux d\u00e9termin\u00e9s \u00e0 cr\u00e9er des communs num\u00e9riques et \u00e0 appliquer les\u00a0<a href=\"https:\/\/digitalprinciples.org\/principles\/\" target=\"_blank\" rel=\"noopener noreferrer\"><strong>Principes pour le D\u00e9veloppement Num\u00e9rique<\/strong><\/a>\u00a0pour la mise en \u0153uvre des objectifs d\u2019am\u00e9lioration de l\u2019Accessibilit\u00e9 et de la\u00a0<strong>Mobilit\u00e9 Urbaine Durable.<\/strong><\/p>\n<p>Dans cette optique, nous nous engageons \u00e0:<\/p>\n<p><strong>1)\u00a0 Promouvoir des syst\u00e8mes de transport urbain s\u00fbrs, accessibles et durables pour tous et \u00e0 un co\u00fbt abordable<\/strong>, pour r\u00e9pondre \u00e0 <a href=\"https:\/\/indicators.report\/targets\/11-2\/\" target=\"_blank\" rel=\"noopener noreferrer\">l\u2019ODD 11.2<\/a>. Notre vision articule quatre objectifs politiques pour la mobilit\u00e9 urbaine\u00a0:<\/p>\n<ul>\n<li><strong>Acc\u00e8s universel<\/strong>\u00a0\u2013 assurer l\u2019acc\u00e8s de tous aux ressources n\u00e9cessaires \u00e0 la vie urbaine, en mettant l\u2019accent sur les groupes vuln\u00e9rables, notamment les femmes et les enfants, les personnes \u00e0 mobilit\u00e9 r\u00e9duite et celles vivant dans l\u2019extr\u00eame pauvret\u00e9.<\/li>\n<\/ul>\n<ul>\n<li><strong>Efficience<\/strong>\u2013 am\u00e9liorer la fiabilit\u00e9, et la qualit\u00e9 des services de transport public en incluant tous les fournisseurs de transport formels, semi-formels et informels \u00e0 un co\u00fbt abordable.<\/li>\n<li><strong>S\u00e9curit\u00e9<\/strong>\u2013 r\u00e9duire consid\u00e9rablement le nombre de d\u00e9c\u00e8s, de bless\u00e9s et d\u2019accidents li\u00e9s \u00e0 la circulation.<\/li>\n<li><strong>Vert<\/strong>\u2013 minimiser l\u2019impact environnemental n\u00e9gatif de la mobilit\u00e9, notamment les \u00e9missions des gaz \u00e0 effet de serre et la pollution atmosph\u00e9rique.<\/li>\n<\/ul>\n<p><strong>2) Soutenir activement\u00a0la collecte participative de donn\u00e9es standardis\u00e9es. <\/strong>Nous souhaitons promouvoir\u00a0:<\/p>\n<ul>\n<li><strong>La conception centr\u00e9e utilisateur<\/strong> des outils afin d\u2019assurer leur prise en main ais\u00e9e<\/li>\n<li><strong>La dimension collaborative<\/strong>en favorisant les \u00e9co-syst\u00e8mes et les capacit\u00e9s locales de collecte, de mise \u00e0 jour et d\u2019utilisation des donn\u00e9es.<\/li>\n<li><strong>Les standards non propri\u00e9taires, l\u2019ouverture des donn\u00e9es, les logiciels Open Source et l\u2019innovation ouverte<\/strong><\/li>\n<li><strong>La confidentialit\u00e9 et la s\u00e9curit\u00e9, ainsi que les normes \u00e9thiques<\/strong><strong>les plus \u00e9lev\u00e9es <\/strong>visant \u00e0 prot\u00e9ger les personnes et \u00e0 \u00e9viter tout pr\u00e9judice.<\/li>\n<\/ul>\n<p><strong>3) Mettre \u00e0 disposition les donn\u00e9es ouvertes c\u2019est-\u00e0-dire \u00ab librement utilisables, r\u00e9utilisables et redistribuables par quiconque\u201d\u00bb.<\/strong>\u00a0Suivant l\u2019<a href=\"http:\/\/opendatahandbook.org\/\" target=\"_blank\" rel=\"noopener noreferrer\">Open Data Handbook<\/a>, les attributs cl\u00e9s des donn\u00e9es ouvertes sont:<\/p>\n<ul>\n<li><strong>Disponibilit\u00e9 et Accessibilit\u00e9<\/strong>\u2013 les donn\u00e9es doivent \u00eatre disponibles dans leur ensemble et \u00e0 un co\u00fbt de reproduction raisonnable, de pr\u00e9f\u00e9rence par t\u00e9l\u00e9chargement sur Internet. Les donn\u00e9es doivent \u00e9galement \u00eatre disponibles sous une forme pratique et modifiable.<\/li>\n<li><strong>R\u00e9utilisation et Redistribution<\/strong>\u2013 les donn\u00e9es doivent \u00eatre fournies dans des conditions qui permettent leur r\u00e9utilisation et leur redistribution.<\/li>\n<\/ul>\n<ul>\n<li><strong>Participation Universelle<\/strong>\u00a0\u2013 tout un chacun \u00a0doit pouvoir utiliser, r\u00e9utiliser et redistribuer les donn\u00e9es. \u00a0Il ne doit pas y avoir de discrimination entre les domaines d&rsquo;activit\u00e9, les personnes ou les groupes.<\/li>\n<\/ul>\n<p>Les\u00a0<strong>\u00ab bonnes \u00bb<\/strong>\u00a0donn\u00e9es ouvertes doivent \u00eatre facilement partag\u00e9es et sont disponibles dans un format standard et structur\u00e9 qui facilite la coh\u00e9rence dans le temps et la fiabilit\u00e9.\u00a0 Les normes telles que GTFS permettent l\u2019int\u00e9gration et l\u2019interop\u00e9rabilit\u00e9 ainsi que l\u2019utilisation d\u2019un large \u00e9ventail d\u2019outils Open Source. C\u2019est un gain de temps et d\u2019argent pour les collectivit\u00e9s et cela permet de mieux comparer les transports en commun \u00e0 travers les villes. Ces normes doivent \u00eatre am\u00e9lior\u00e9es et d\u00e9velopp\u00e9es afin d\u2019\u00eatre inclusives et de permettre de nouvelles formes d\u2019information dont les passagers ont besoin.<\/p>\n<p>En r\u00e9sum\u00e9, nous pensons que la construction de biens communs num\u00e9riques \u00e0 l\u2019aide des\u00a0<strong>Principes pour le D\u00e9veloppement du Num\u00e9rique<\/strong>\u00a0est essentielle pour atteindre les objectifs\u00a0<strong>de syst\u00e8mes de transport urbain s\u00fbrs, accessibles et durables pour tous et \u00e0 un co\u00fbt abordable &#8211; <\/strong>\u00a0ce qui, \u00e0 son tour, est crucial pour rendre les villes plus \u00e9quitables, vivables et saines tout en r\u00e9pondant \u00e0 la crise climatique.<\/p>\n<h4>Qui peut \u00eatre partenaire de DT4A?<\/h4>\n<p>Les partenaires de DT4A peuvent \u00eatre toute entit\u00e9 publique, priv\u00e9e ou universitaire, locale ou Internationale, adh\u00e9rant \u00e0 l\u2019engagement de DT4A. Les partenaires doivent donc avoir un engagement fort pour l\u2019am\u00e9lioration des transports publics en s\u2019appuyant sur les Principes pour le D\u00e9veloppement du Num\u00e9rique. DT4A est une communaut\u00e9 de pratique collaborative o\u00f9 les partenaires sont invit\u00e9s \u00e0 \u00eatre des membres actifs en proposant de nouveaux projets et id\u00e9es, en cr\u00e9ant activement des partenariats, en partageant des donn\u00e9es et des connaissances ainsi qu\u2019en \u00a0participant \u00e0 des ateliers publics, des pr\u00e9sentations ou des hackathons de DT4A.<\/p>\n<h4>Comit\u00e9 de Pilotage<\/h4>\n<p>DT4A est coordonn\u00e9 par un comit\u00e9 de pilotage ayant un r\u00f4le de conseil et de gestion du consortium DT4A. Le comit\u00e9 est compos\u00e9 de nos membres fondateurs. Aujourd\u2019hui, le comit\u00e9 comprend:<\/p>\n<ul>\n<li><em>World Resources Institute<\/em><\/li>\n<li><em>Agence Fran\u00e7aise de D\u00e9veloppement<\/em><\/li>\n<li><em>Earth Institute, Columbia University<\/em><\/li>\n<li><em>Massachusetts Institute of Technology<\/em><\/li>\n<li><em>Banque Mondiale<\/em><\/li>\n<\/ul>\n<p>Vous souhaitez partager des donn\u00e9es avec la communaut\u00e9 Internationale de la mobilit\u00e9 urbaine ou devenir partenaire? Nous vous invitons \u00e0 prendre l\u2019engagement. Pour plus d\u2019informations, contactez\u00a0<a href=\"mailto:info@digitaltransport4africa.org\">info@digitaltransport4africa.org<\/a>.<\/p>\n","protected":false},"excerpt":{"rendered":"<p>&nbsp; &nbsp; Rejoignez DigitalTransport4Africa : pour la mise \u00e0 disposition de donn\u00e9es standardis\u00e9es et ouvertes de mobilit\u00e9 urbaine pour les villes Africaines &nbsp; L\u2019am\u00e9lioration et le<span class=\"excerpt-hellip\"> [\u2026]<\/span><\/p>\n","protected":false},"author":1008,"featured_media":0,"parent":0,"menu_order":0,"comment_status":"closed","ping_status":"closed","template":"","meta":{"_mi_skip_tracking":false},"yoast_head":"<!-- This site is optimized with the Yoast SEO plugin v19.11 - https:\/\/yoast.com\/wordpress\/plugins\/seo\/ -->\n<title>Notre\u00a0Engagement - Digital Transport for Africa<\/title>\n<meta name=\"robots\" content=\"index, follow, max-snippet:-1, max-image-preview:large, max-video-preview:-1\" \/>\n<link rel=\"canonical\" href=\"https:\/\/digitaltransport4africa.org\/our-pledge\/\" \/>\n<meta property=\"og:locale\" content=\"fr_FR\" \/>\n<meta property=\"og:type\" content=\"article\" \/>\n<meta property=\"og:title\" content=\"Notre\u00a0Engagement\" \/>\n<meta property=\"og:description\" content=\"&nbsp; &nbsp; Rejoignez DigitalTransport4Africa : pour la mise \u00e0 disposition de donn\u00e9es standardis\u00e9es et ouvertes de mobilit\u00e9 urbaine pour les villes Africaines &nbsp; L\u2019am\u00e9lioration et le [\u2026]\" \/>\n<meta property=\"og:url\" content=\"https:\/\/digitaltransport4africa.org\/our-pledge\/\" \/>\n<meta property=\"og:site_name\" content=\"Digital Transport for Africa\" \/>\n<meta property=\"article:modified_time\" content=\"2022-01-31T14:47:16+00:00\" \/>\n<meta name=\"twitter:card\" content=\"summary_large_image\" \/>\n<meta name=\"twitter:label1\" content=\"Dur\u00e9e de lecture estim\u00e9e\" \/>\n\t<meta name=\"twitter:data1\" content=\"9 minutes\" \/>\n<script type=\"application\/ld+json\" class=\"yoast-schema-graph\">{\"@context\":\"https:\/\/schema.org\",\"@graph\":[{\"@type\":\"WebPage\",\"@id\":\"https:\/\/digitaltransport4africa.org\/our-pledge\/\",\"url\":\"https:\/\/digitaltransport4africa.org\/our-pledge\/\",\"name\":\"[:en]Our Pledge[:fr]Notre\u00a0Engagement[:] - Digital Transport for Africa\",\"isPartOf\":{\"@id\":\"https:\/\/digitaltransport4africa.org\/#website\"},\"datePublished\":\"2019-07-03T14:09:34+00:00\",\"dateModified\":\"2022-01-31T14:47:16+00:00\",\"breadcrumb\":{\"@id\":\"https:\/\/digitaltransport4africa.org\/our-pledge\/#breadcrumb\"},\"inLanguage\":\"fr-FR\",\"potentialAction\":[{\"@type\":\"ReadAction\",\"target\":[\"https:\/\/digitaltransport4africa.org\/our-pledge\/\"]}]},{\"@type\":\"BreadcrumbList\",\"@id\":\"https:\/\/digitaltransport4africa.org\/our-pledge\/#breadcrumb\",\"itemListElement\":[{\"@type\":\"ListItem\",\"position\":1,\"name\":\"Home\",\"item\":\"https:\/\/digitaltransport4africa.org\/\"},{\"@type\":\"ListItem\",\"position\":2,\"name\":\"Our Pledge\"}]},{\"@type\":\"WebSite\",\"@id\":\"https:\/\/digitaltransport4africa.org\/#website\",\"url\":\"https:\/\/digitaltransport4africa.org\/\",\"name\":\"Digital Transport for Africa\",\"description\":\"An open data platform to improve urban public transport\",\"publisher\":{\"@id\":\"https:\/\/digitaltransport4africa.org\/#organization\"},\"potentialAction\":[{\"@type\":\"SearchAction\",\"target\":{\"@type\":\"EntryPoint\",\"urlTemplate\":\"https:\/\/digitaltransport4africa.org\/?s={search_term_string}\"},\"query-input\":\"required name=search_term_string\"}],\"inLanguage\":\"fr-FR\"},{\"@type\":\"Organization\",\"@id\":\"https:\/\/digitaltransport4africa.org\/#organization\",\"name\":\"Digital Transport for Africa\",\"url\":\"https:\/\/digitaltransport4africa.org\/\",\"logo\":{\"@type\":\"ImageObject\",\"inLanguage\":\"fr-FR\",\"@id\":\"https:\/\/digitaltransport4africa.org\/#\/schema\/logo\/image\/\",\"url\":\"https:\/\/digitaltransport4africa.org\/wp-content\/uploads\/2019\/07\/cropped-dt4a_mapa_transp_HOVER.png\",\"contentUrl\":\"https:\/\/digitaltransport4africa.org\/wp-content\/uploads\/2019\/07\/cropped-dt4a_mapa_transp_HOVER.png\",\"width\":2075,\"height\":2033,\"caption\":\"Digital Transport for Africa\"},\"image\":{\"@id\":\"https:\/\/digitaltransport4africa.org\/#\/schema\/logo\/image\/\"}}]}<\/script>\n<!-- \/ Yoast SEO plugin. -->","yoast_head_json":{"title":"Notre\u00a0Engagement - Digital Transport for Africa","robots":{"index":"index","follow":"follow","max-snippet":"max-snippet:-1","max-image-preview":"max-image-preview:large","max-video-preview":"max-video-preview:-1"},"canonical":"https:\/\/digitaltransport4africa.org\/our-pledge\/","og_locale":"fr_FR","og_type":"article","og_title":"[:en]Our Pledge[:fr]Notre\u00a0Engagement[:] - Digital Transport for Africa","og_description":"&nbsp; &nbsp; Rejoignez DigitalTransport4Africa : pour la mise \u00e0 disposition de donn\u00e9es standardis\u00e9es et ouvertes de mobilit\u00e9 urbaine pour les villes Africaines &nbsp; L\u2019am\u00e9lioration et le [\u2026]","og_url":"https:\/\/digitaltransport4africa.org\/our-pledge\/","og_site_name":"Digital Transport for Africa","article_modified_time":"2022-01-31T14:47:16+00:00","twitter_card":"summary_large_image","twitter_misc":{"Dur\u00e9e de lecture estim\u00e9e":"9 minutes"},"schema":{"@context":"https:\/\/schema.org","@graph":[{"@type":"WebPage","@id":"https:\/\/digitaltransport4africa.org\/our-pledge\/","url":"https:\/\/digitaltransport4africa.org\/our-pledge\/","name":"[:en]Our Pledge[:fr]Notre\u00a0Engagement[:] - Digital Transport for Africa","isPartOf":{"@id":"https:\/\/digitaltransport4africa.org\/#website"},"datePublished":"2019-07-03T14:09:34+00:00","dateModified":"2022-01-31T14:47:16+00:00","breadcrumb":{"@id":"https:\/\/digitaltransport4africa.org\/our-pledge\/#breadcrumb"},"inLanguage":"fr-FR","potentialAction":[{"@type":"ReadAction","target":["https:\/\/digitaltransport4africa.org\/our-pledge\/"]}]},{"@type":"BreadcrumbList","@id":"https:\/\/digitaltransport4africa.org\/our-pledge\/#breadcrumb","itemListElement":[{"@type":"ListItem","position":1,"name":"Home","item":"https:\/\/digitaltransport4africa.org\/"},{"@type":"ListItem","position":2,"name":"Our Pledge"}]},{"@type":"WebSite","@id":"https:\/\/digitaltransport4africa.org\/#website","url":"https:\/\/digitaltransport4africa.org\/","name":"Digital Transport for Africa","description":"An open data platform to improve urban public transport","publisher":{"@id":"https:\/\/digitaltransport4africa.org\/#organization"},"potentialAction":[{"@type":"SearchAction","target":{"@type":"EntryPoint","urlTemplate":"https:\/\/digitaltransport4africa.org\/?s={search_term_string}"},"query-input":"required name=search_term_string"}],"inLanguage":"fr-FR"},{"@type":"Organization","@id":"https:\/\/digitaltransport4africa.org\/#organization","name":"Digital Transport for Africa","url":"https:\/\/digitaltransport4africa.org\/","logo":{"@type":"ImageObject","inLanguage":"fr-FR","@id":"https:\/\/digitaltransport4africa.org\/#\/schema\/logo\/image\/","url":"https:\/\/digitaltransport4africa.org\/wp-content\/uploads\/2019\/07\/cropped-dt4a_mapa_transp_HOVER.png","contentUrl":"https:\/\/digitaltransport4africa.org\/wp-content\/uploads\/2019\/07\/cropped-dt4a_mapa_transp_HOVER.png","width":2075,"height":2033,"caption":"Digital Transport for Africa"},"image":{"@id":"https:\/\/digitaltransport4africa.org\/#\/schema\/logo\/image\/"}}]}},"_links":{"self":[{"href":"https:\/\/digitaltransport4africa.org\/fr\/wp-json\/wp\/v2\/pages\/1537"}],"collection":[{"href":"https:\/\/digitaltransport4africa.org\/fr\/wp-json\/wp\/v2\/pages"}],"about":[{"href":"https:\/\/digitaltransport4africa.org\/fr\/wp-json\/wp\/v2\/types\/page"}],"author":[{"embeddable":true,"href":"https:\/\/digitaltransport4africa.org\/fr\/wp-json\/wp\/v2\/users\/1008"}],"replies":[{"embeddable":true,"href":"https:\/\/digitaltransport4africa.org\/fr\/wp-json\/wp\/v2\/comments?post=1537"}],"version-history":[{"count":24,"href":"https:\/\/digitaltransport4africa.org\/fr\/wp-json\/wp\/v2\/pages\/1537\/revisions"}],"predecessor-version":[{"id":2427,"href":"https:\/\/digitaltransport4africa.org\/fr\/wp-json\/wp\/v2\/pages\/1537\/revisions\/2427"}],"wp:attachment":[{"href":"https:\/\/digitaltransport4africa.org\/fr\/wp-json\/wp\/v2\/media?parent=1537"}],"curies":[{"name":"wp","href":"https:\/\/api.w.org\/{rel}","templated":true}]}}